{"id":8,"date":"2015-01-27T15:40:48","date_gmt":"2015-01-27T18:40:48","guid":{"rendered":"https:\/\/aatri.org\/?page_id=8"},"modified":"2015-03-04T13:14:40","modified_gmt":"2015-03-04T16:14:40","slug":"tricologia","status":"publish","type":"page","link":"https:\/\/aatri.org\/?page_id=8","title":{"rendered":"TRICOLOG\u00cdA"},"content":{"rendered":"<h4><span style=\"color: #003b71;\">QU\u00c9 ES LA TRICOLOG\u00cdA<\/span><\/h4>\n<p>Es la ciencia que tiene como objeto el estudio del pelo. Involucra a la dermatolog\u00eda capilar, cirug\u00eda capilar, gen\u00e9tica capilar, biolog\u00eda capilar, fisiolog\u00eda capilar, fisiopatolog\u00eda capilar, parasitolog\u00eda capilar, microbiolog\u00eda capilar, psicolog\u00eda, nutrici\u00f3n, biotecnolog\u00eda. tratamientos no invasivos o\u00a0dermocosm\u00e9ticos, tratamientos invasivos\u00a0como mesoterapia, f\u00edsico-qu\u00edmica capilar, t\u00e9cnicas de estudio y cuantificaci\u00f3n del cuero cabelludo y fibra capilar.<br \/>\nPromueve la acci\u00f3n interdisciplinaria entre todos los profesionales y \u00e1reas de la salud que sean necesarios para compensar\u00a0las necesidades del pelo.<\/p>\n<p>Desde nuestra Asociaci\u00f3n y con la experiencia individual de cada uno de sus miembros, entendemos la importancia que nuestra sociedad, desde sus comienzos, di\u00f3 y dar\u00e1 al pelo.<br \/>\nPor ello proponemos para una pr\u00e1ctica\u00a0y desarrollo serio de la Tricolog\u00eda, en forma sine quanon, sea realizada por profesionales con la debida preparaci\u00f3n acad\u00e9mica, cient\u00edfica o t\u00e9cnica.<\/p>\n<p>&nbsp;<\/p>\n","protected":false},"excerpt":{"rendered":"<p>QU\u00c9 ES LA TRICOLOG\u00cdA Es la ciencia que tiene como objeto el estudio del pelo. Involucra a la dermatolog\u00eda capilar, cirug\u00eda capilar, gen\u00e9tica capilar, biolog\u00eda capilar, fisiolog\u00eda capilar, fisiopatolog\u00eda capilar,&hellip;<\/p>\n<p><a class=\"more-link\" href=\"https:\/\/aatri.org\/?page_id=8\" title=\"Seguir leyendo &lsquo;TRICOLOG\u00cdA&rsquo;\">Sigue leyendo <span class=\"meta-nav\">&rarr;<\/span><\/a><\/p>\n","protected":false},"author":1,"featured_media":0,"parent":0,"menu_order":0,"comment_status":"open","ping_status":"closed","template":"","meta":{"_acf_changed":false,"footnotes":""},"class_list":["post-8","page","type-page","status-publish","hentry"],"acf":[],"_links":{"self":[{"href":"https:\/\/aatri.org\/index.php?rest_route=\/wp\/v2\/pages\/8","targetHints":{"allow":["GET"]}}],"collection":[{"href":"https:\/\/aatri.org\/index.php?rest_route=\/wp\/v2\/pages"}],"about":[{"href":"https:\/\/aatri.org\/index.php?rest_route=\/wp\/v2\/types\/page"}],"author":[{"embeddable":true,"href":"https:\/\/aatri.org\/index.php?rest_route=\/wp\/v2\/users\/1"}],"replies":[{"embeddable":true,"href":"https:\/\/aatri.org\/index.php?rest_route=%2Fwp%2Fv2%2Fcomments&post=8"}],"version-history":[{"count":7,"href":"https:\/\/aatri.org\/index.php?rest_route=\/wp\/v2\/pages\/8\/revisions"}],"predecessor-version":[{"id":293,"href":"https:\/\/aatri.org\/index.php?rest_route=\/wp\/v2\/pages\/8\/revisions\/293"}],"wp:attachment":[{"href":"https:\/\/aatri.org\/index.php?rest_route=%2Fwp%2Fv2%2Fmedia&parent=8"}],"curies":[{"name":"wp","href":"https:\/\/api.w.org\/{rel}","templated":true}]}}