{"id":6,"date":"2015-01-27T15:40:39","date_gmt":"2015-01-27T18:40:39","guid":{"rendered":"https:\/\/aatri.org\/?page_id=6"},"modified":"2026-02-03T02:30:41","modified_gmt":"2026-02-03T05:30:41","slug":"aatri","status":"publish","type":"page","link":"https:\/\/aatri.org\/?page_id=6","title":{"rendered":"LA ASOCIACI\u00d3N"},"content":{"rendered":"<div>\n<h4><span style=\"color: #003b71;\">HISTORIA<\/span><\/h4>\n<p><strong>AATRI<\/strong> es la Primera Asociaci\u00f3n en Am\u00e9rica sin fines de lucro, abocada a la investigaci\u00f3n de la salud del cabello. Creada y conformada por reconocidos profesionales en las siguientes \u00e1reas:<br \/>\nTRICOLOG\u00cdA, DERMATOLOG\u00cdA, ENDOCRINOLOG\u00cdA, HEMATOLOG\u00cdA, INMUNOLOG\u00cdA, NEUROLOG\u00cdA, GINECOLOG\u00cdA, ANDROLOG\u00cdA, CIRUG\u00cdA, FARMACIA, BIOQU\u00cdMICA, PSICOLOG\u00cdA, NUTRICI\u00d3N, COSMIATR\u00cdA, EST\u00c9TICA y COSMETOLOG\u00cdA.<\/p>\n<\/div>\n<div>Es dirigida bajo el mismo estricto lineamiento y rigor acad\u00e9mico que imparte desde 1902 el Instituto de Tric\u00f3logos <strong>\u00abInstitute of Trichologists IOT\u00bb<\/strong> en Londres, Reino Unido. Se ha inspirado en la Asociacion Internacional de Tric\u00f3logos <strong>\u00abInternational Association of Trichologists IAT\u00bb<\/strong> que desde 1974 su Fundador y Presidente Ejecutivo Prof. David Salinger imparte educaci\u00f3n en los cinco continentes. Ha tomado el ejemplo de la prestigiosa Sociedad Italiana de Tricolog\u00eda <strong>\u00abSociet\u00e0 Italiana de Tricolog\u00eda SITRI\u00bb,<\/strong> fundada y presidida por el Em\u00e9rito Prof. Dr. Andrea Marliani en Florencia, Italia en 1996.<\/div>\n<div>\n<p>Esta en estrecha colaboraci\u00f3n en la Madre Patria, Espa\u00f1a, con miembros destacados de la <strong>\u00abSociedad Espa\u00f1ola de Tricolog\u00eda, Grupo Espa\u00f1ol de Tricolog\u00eda\u00bb<\/strong>, del <strong>Grupo Ja\u00e9n de Dermatolog\u00eda y la Universidad Alcal\u00e1 de Henares<\/strong>.<\/p>\n<p>Ha acercado a nuestra regi\u00f3n sudamericana el reconocimiento y la visita de prestigiosos investigadores y cient\u00edficos de la Sociedad Europea de Investigaci\u00f3n del Pelo <strong>\u00abEuropean Hair Research Society EHRS\u00bb.<\/strong><\/p>\n<p>Y se complace en continuar con la Planificaci\u00f3n Educativa, la mancomunada y desinteresada labor de divulgaci\u00f3n de la Ciencia del Cabello.<\/p>\n<\/div>\n<div><\/div>\n<h4><span style=\"color: #003b71;\">OBJETIVOS<\/span><\/h4>\n<ul>\n<li>Promover el desarrollo de la Tricolog\u00eda mediante la educaci\u00f3n.<\/li>\n<li>Promover la investigaci\u00f3n cient\u00edfica de la fisiolog\u00eda y diversas patolog\u00edas del cabello y el cuero cabelludo.<\/li>\n<li>Dar a los socios un punto de referencia y apoyo cient\u00edfico en su trabajo diario.<\/li>\n<li>Colaborar en el campo de la salud capilar mediante actividades cient\u00edficas con sociedades y asociaciones similares en el mundo.<\/li>\n<li>Publicar informaci\u00f3n de inter\u00e9s al p\u00fablico en general.<\/li>\n<li>Establecer pautas y protocolos para investigadores, m\u00e9dicos y profesionales de laboratorio en el tratamiento de afecciones dermocapilares.<\/li>\n<li>Comprobar la eficacia y la racionalidad del tratamiento propuesto por la industria farmac\u00e9utica y farmacocosmetica.<\/li>\n<li>Verificar la calidad, la racionalidad y la seguridad de los productos ofrecidos por las industrias involucradas al mundo del cabello.<\/li>\n<li>Buscar racionalizaci\u00f3n y coordinaci\u00f3n cient\u00edfica entre la industria farmac\u00e9utica y cosm\u00e9tica.<\/li>\n<li>Informar a los socios y al p\u00fablico en general sobre el fraude en tricolog\u00eda.<\/li>\n<li>Dar el merecido reconocimiento a investigadores y expertos en la materia.<\/li>\n<\/ul>\n<h4><span style=\"color: #003b71;\">AUTORIDADES<\/span><\/h4>\n<p><strong>Presidente:<\/strong> Tric\u00f3logo Certificado Miguel \u00c1ngel CISTERNA<br \/>\n<strong>Presidente Honorario:<\/strong> Dra. Graciela M\u00f3nica CUOMO<br \/>\n<strong>Directora Departamento de Ciencia y Educaci\u00f3n:\u00a0<\/strong>Dra. Mar\u00eda Laura BOVCON<strong><br \/>\nSecretaria Acad\u00e9mica:<\/strong> Dra. Mariana Paula DIAZ<br \/>\n<strong>Miembro Consejo Acad\u00e9mico:<\/strong> Dr. Andr\u00e9s CORDERO<br \/>\n<strong>Miembro Consejo Acad\u00e9mico:<\/strong>\u00a0Lic. Andrea Alejandra COHEN<\/p>\n<p><a href=\"https:\/\/aatri.org\/?page_id=289\"><strong>VER ESTATUTO &gt;<\/strong><\/a><\/p>\n<h4><span style=\"color: #003b71;\"><br \/>\nAS\u00d3CIESE A AATRI<\/span><\/h4>\n<p>Pertenecer a nuestra instituci\u00f3n le dar\u00e1 grandes beneficios.<\/p>\n<ul>\n<li>Incorporarse a una lista de importantes referentes en tricolog\u00eda.<\/li>\n<li>Participar de lanzamientos de las empresas que nos apoyan.<\/li>\n<li>Descuentos en el valor para participar en eventos nacionales e internacionales del sector cosm\u00e9tico.<\/li>\n<li>Descuentos en el valor de cursos, simposios, jornadas y talleres que realiza la asociaci\u00f3n.<\/li>\n<li>Acceso a publicaciones y newsletters.<\/li>\n<li>Recepci\u00f3n de nuestro newsletter digital.<\/li>\n<\/ul>\n<p><strong><a href=\"https:\/\/aatri.org\/?page_id=593\">COMPLETE EL FORMULARIO DE INSCRIPCI\u00d3N &gt;<\/a><\/strong><\/p>\n<h4><span style=\"color: #003b71;\">TARIFAS<\/span><\/h4>\n<p><strong>Valores Nacionales a\u00f1o 2025<\/strong><\/p>\n<p>Socio titular Valor hasta el 30 de junio $ 150.000.-<br \/>\nSocio titular Valor desde el 1 de julio hasta 31 de diciembre $ 125.000.-<br \/>\nSocio adherente Valor hasta el 30 de junio $ 115.000.-<br \/>\nSocio adherente Valor desde el 1 de julio hasta 31 de diciembre $ 120.000.-<\/p>\n<p><strong>Valores Mercosur a\u00f1o 2025<\/strong><\/p>\n<p>Socio Titular Valor cuota anual \u2013 U$S 150.-<br \/>\nSocio Adherente Valor cuota anual \u2013 U$S 100.-<\/p>\n<p><strong>Valores Resto del Mundo a\u00f1o 2025<\/strong><\/p>\n<p>Socio Titular Valor cuota anual \u2013 U$S 200.-<br \/>\nSocio Adherente Valor cuota anual \u2013 U$S 150.-<\/p>\n","protected":false},"excerpt":{"rendered":"<p>HISTORIA AATRI es la Primera Asociaci\u00f3n en Am\u00e9rica sin fines de lucro, abocada a la investigaci\u00f3n de la salud del cabello. Creada y conformada por reconocidos profesionales en las siguientes&hellip;<\/p>\n<p><a class=\"more-link\" href=\"https:\/\/aatri.org\/?page_id=6\" title=\"Seguir leyendo &lsquo;LA ASOCIACI\u00d3N&rsquo;\">Sigue leyendo <span class=\"meta-nav\">&rarr;<\/span><\/a><\/p>\n","protected":false},"author":1,"featured_media":0,"parent":0,"menu_order":0,"comment_status":"open","ping_status":"closed","template":"","meta":{"_acf_changed":false,"footnotes":""},"class_list":["post-6","page","type-page","status-publish","hentry"],"acf":[],"_links":{"self":[{"href":"https:\/\/aatri.org\/index.php?rest_route=\/wp\/v2\/pages\/6","targetHints":{"allow":["GET"]}}],"collection":[{"href":"https:\/\/aatri.org\/index.php?rest_route=\/wp\/v2\/pages"}],"about":[{"href":"https:\/\/aatri.org\/index.php?rest_route=\/wp\/v2\/types\/page"}],"author":[{"embeddable":true,"href":"https:\/\/aatri.org\/index.php?rest_route=\/wp\/v2\/users\/1"}],"replies":[{"embeddable":true,"href":"https:\/\/aatri.org\/index.php?rest_route=%2Fwp%2Fv2%2Fcomments&post=6"}],"version-history":[{"count":55,"href":"https:\/\/aatri.org\/index.php?rest_route=\/wp\/v2\/pages\/6\/revisions"}],"predecessor-version":[{"id":2138,"href":"https:\/\/aatri.org\/index.php?rest_route=\/wp\/v2\/pages\/6\/revisions\/2138"}],"wp:attachment":[{"href":"https:\/\/aatri.org\/index.php?rest_route=%2Fwp%2Fv2%2Fmedia&parent=6"}],"curies":[{"name":"wp","href":"https:\/\/api.w.org\/{rel}","templated":true}]}}