{"id":593,"date":"2015-04-22T13:01:28","date_gmt":"2015-04-22T16:01:28","guid":{"rendered":"https:\/\/aatri.org\/?page_id=593"},"modified":"2015-05-19T15:37:21","modified_gmt":"2015-05-19T18:37:21","slug":"asociese-a-aatri","status":"publish","type":"page","link":"https:\/\/aatri.org\/?page_id=593","title":{"rendered":"AS\u00d3CIESE A AATRI"},"content":{"rendered":"<h4><span style=\"color: #003b71;\">Lo invitamos a formar parte de nuestra Asociaci\u00f3n<\/span><\/h4>\n<p>Pertenecer a nuestra instituci\u00f3n le dar\u00e1 grandes beneficios.<\/p>\n<ul>\n<li>Incorporarse a una lista de importantes referentes en tricolog\u00eda.<\/li>\n<li>Participar de lanzamientos de las empresas que nos apoyan.<\/li>\n<li>Descuentos en el valor para participar en eventos nacionales e internacionales del sector cosm\u00e9tico.<\/li>\n<li>Descuentos en el valor de cursos, simposios, jornadas y talleres que realiza la asociaci\u00f3n.<\/li>\n<li>Acceso a publicaciones y newsletters.<\/li>\n<li>Recepci\u00f3n de nuestro newsletter digital.<\/li>\n<\/ul>\n<p>Para solicitar la inscripci\u00f3n por favor descargue y complete el formulario desde este link: <em><strong><span style=\"text-decoration: underline;\"><a href=\"https:\/\/aatri.org\/wp-content\/uploads\/2015\/04\/AATRI-Ficha.pdf\">AATRI Ficha de Inscripci\u00f3n &gt;<\/a><\/span><\/strong><\/em> y envi\u00e9lo escaneado o fotografiado a info@aatri.nqv.ar.<\/p>\n","protected":false},"excerpt":{"rendered":"<p>Lo invitamos a formar parte de nuestra Asociaci\u00f3n Pertenecer a nuestra instituci\u00f3n le dar\u00e1 grandes beneficios. Incorporarse a una lista de importantes referentes en tricolog\u00eda. Participar de lanzamientos de las&hellip;<\/p>\n<p><a class=\"more-link\" href=\"https:\/\/aatri.org\/?page_id=593\" title=\"Seguir leyendo &lsquo;AS\u00d3CIESE A AATRI&rsquo;\">Sigue leyendo <span class=\"meta-nav\">&rarr;<\/span><\/a><\/p>\n","protected":false},"author":1,"featured_media":0,"parent":6,"menu_order":0,"comment_status":"closed","ping_status":"open","template":"","meta":{"_acf_changed":false,"footnotes":""},"class_list":["post-593","page","type-page","status-publish","hentry"],"acf":[],"_links":{"self":[{"href":"https:\/\/aatri.org\/index.php?rest_route=\/wp\/v2\/pages\/593","targetHints":{"allow":["GET"]}}],"collection":[{"href":"https:\/\/aatri.org\/index.php?rest_route=\/wp\/v2\/pages"}],"about":[{"href":"https:\/\/aatri.org\/index.php?rest_route=\/wp\/v2\/types\/page"}],"author":[{"embeddable":true,"href":"https:\/\/aatri.org\/index.php?rest_route=\/wp\/v2\/users\/1"}],"replies":[{"embeddable":true,"href":"https:\/\/aatri.org\/index.php?rest_route=%2Fwp%2Fv2%2Fcomments&post=593"}],"version-history":[{"count":12,"href":"https:\/\/aatri.org\/index.php?rest_route=\/wp\/v2\/pages\/593\/revisions"}],"predecessor-version":[{"id":602,"href":"https:\/\/aatri.org\/index.php?rest_route=\/wp\/v2\/pages\/593\/revisions\/602"}],"up":[{"embeddable":true,"href":"https:\/\/aatri.org\/index.php?rest_route=\/wp\/v2\/pages\/6"}],"wp:attachment":[{"href":"https:\/\/aatri.org\/index.php?rest_route=%2Fwp%2Fv2%2Fmedia&parent=593"}],"curies":[{"name":"wp","href":"https:\/\/api.w.org\/{rel}","templated":true}]}}