{"id":289,"date":"2015-03-04T13:10:09","date_gmt":"2015-03-04T16:10:09","guid":{"rendered":"https:\/\/aatri.org\/?page_id=289"},"modified":"2015-04-10T11:56:01","modified_gmt":"2015-04-10T14:56:01","slug":"estatuto-aatri","status":"publish","type":"page","link":"https:\/\/aatri.org\/?page_id=289","title":{"rendered":"ESTATUTO AATRI"},"content":{"rendered":"<p><strong>TITULO I: DENOMINACION, DOMICILIO Y OBJETO SOCIAL<\/strong><\/p>\n<p>Art\u00edculo 1: Con la denominaci\u00f3n de: \u00abASOCIACION ARGENTINA DE TRICOLOGIA (AATRI) Asociaci\u00f3n Civil\u00bb, se constituye el d\u00eda una entidad sin fines de lucro, con domicilio legal en la Ciudad de Buenos Aires.<\/p>\n<p>Se entiende por Tricolog\u00eda la ciencia de diagn\u00f3stico y cuidado del cabello.<\/p>\n<p>Art\u00edculo 2: Son sus prop\u00f3sitos: Difundir la pr\u00e1ctica de la Tricolog\u00eda como la ciencia del diagn\u00f3stico y cuidado del cabello, promoviendo el desarrollo y capacitaci\u00f3n, mediante, conferencias, talleres, congresos, publicaciones y dem\u00e1s medios de difusi\u00f3n de la tricolog\u00eda y su actuaci\u00f3n en los diferentes \u00e1mbitos en los que estos se desenvuelvan, tanto p\u00fablicos como privados, analizando las caracter\u00edsticas especiales de su rol, para lo cual convocar\u00e1 a todos los especialistas interesados en el tema. Los objetivos espec\u00edficos de la Asociaci\u00f3n son: 1) Difundir la pr\u00e1ctica de la Tricolog\u00eda como la ciencia de diagn\u00f3stico y cuidado del cabello.<\/p>\n<p>Su conocimiento y desarrollos. 2) Promover la integraci\u00f3n de la Asociaci\u00f3n en diversas \u00e1reas del campo de la salud. 3) Favorecer la inclusi\u00f3n de la pr\u00e1ctica tricol\u00f3gica en todos los niveles de atenci\u00f3n del sistema total de salud. 4) Promover y estimular la investigaci\u00f3n para el desarrollo de diagn\u00f3sticos, cuidados, tratamientos. 5) Difundir el conocimiento de esta pr\u00e1ctica, con especial inter\u00e9s entre profesionales m\u00e9dicos o de la salud: dermat\u00f3logos, cirujanos, ginec\u00f3logos, endocrin\u00f3logos, cardi\u00f3logos, psiquiatras, psic\u00f3logos, nutricionistas, bioqu\u00edmicos, farmac\u00e9uticos. Como as\u00ed tambi\u00e9n entre profesionales de la est\u00e9tica: peluqueros, estilistas, coloristas, esteticistas. 6) Promover el conocimiento de esta novedosa ciencia y sus beneficios en los diversos lugares en que se manifiesten necesidades para su pr\u00e1ctica. 7) Promover sus beneficios y la interacci\u00f3n de asistencia con el profesional m\u00e9dico. 8) Documentar el desarrollo nacional de la pr\u00e1ctica de la Tricolog\u00eda. 9) Intercambiar experiencias y conocimientos relacionados a la Tricolog\u00eda con asociaciones, sociedades y centros de investigaci\u00f3n en pa\u00edses extranjeros. 10) Favorecer la inserci\u00f3n de la pr\u00e1ctica de la tricolog\u00eda en servicios asistenciales del interior de nuestro pa\u00eds. 11) Organizar eventos de intercambio de conocimiento e integraci\u00f3n de los profesionales del \u00e1rea, como: seminarios, jornadas de actualizaciones, talleres y congresos. 12) Desarrollo del programa acad\u00e9mico para la carrera de Tric\u00f3logo. Inscripci\u00f3n de la carrera en el Ministerio de Educaci\u00f3n de la Naci\u00f3n. 13) Recopilar la informaci\u00f3n disponible en la actualidad con relaci\u00f3n a la pr\u00e1ctica y teor\u00eda de la Tricolog\u00eda. 14) Asesorar e informar sobre los beneficios, la \u00e9tica y alcances de esta disciplina al p\u00fablico en general.<\/p>\n<p>&nbsp;<\/p>\n","protected":false},"excerpt":{"rendered":"<p>TITULO I: DENOMINACION, DOMICILIO Y OBJETO SOCIAL Art\u00edculo 1: Con la denominaci\u00f3n de: \u00abASOCIACION ARGENTINA DE TRICOLOGIA (AATRI) Asociaci\u00f3n Civil\u00bb, se constituye el d\u00eda una entidad sin fines de lucro,&hellip;<\/p>\n<p><a class=\"more-link\" href=\"https:\/\/aatri.org\/?page_id=289\" title=\"Seguir leyendo &lsquo;ESTATUTO AATRI&rsquo;\">Sigue leyendo <span class=\"meta-nav\">&rarr;<\/span><\/a><\/p>\n","protected":false},"author":1,"featured_media":0,"parent":6,"menu_order":0,"comment_status":"closed","ping_status":"open","template":"","meta":{"_acf_changed":false,"footnotes":""},"class_list":["post-289","page","type-page","status-publish","hentry"],"acf":[],"_links":{"self":[{"href":"https:\/\/aatri.org\/index.php?rest_route=\/wp\/v2\/pages\/289","targetHints":{"allow":["GET"]}}],"collection":[{"href":"https:\/\/aatri.org\/index.php?rest_route=\/wp\/v2\/pages"}],"about":[{"href":"https:\/\/aatri.org\/index.php?rest_route=\/wp\/v2\/types\/page"}],"author":[{"embeddable":true,"href":"https:\/\/aatri.org\/index.php?rest_route=\/wp\/v2\/users\/1"}],"replies":[{"embeddable":true,"href":"https:\/\/aatri.org\/index.php?rest_route=%2Fwp%2Fv2%2Fcomments&post=289"}],"version-history":[{"count":4,"href":"https:\/\/aatri.org\/index.php?rest_route=\/wp\/v2\/pages\/289\/revisions"}],"predecessor-version":[{"id":581,"href":"https:\/\/aatri.org\/index.php?rest_route=\/wp\/v2\/pages\/289\/revisions\/581"}],"up":[{"embeddable":true,"href":"https:\/\/aatri.org\/index.php?rest_route=\/wp\/v2\/pages\/6"}],"wp:attachment":[{"href":"https:\/\/aatri.org\/index.php?rest_route=%2Fwp%2Fv2%2Fmedia&parent=289"}],"curies":[{"name":"wp","href":"https:\/\/api.w.org\/{rel}","templated":true}]}}